{"id":16,"date":"2025-07-16T22:04:34","date_gmt":"2025-07-16T20:04:34","guid":{"rendered":"https:\/\/siteboost.pl\/projekt2\/realizacje\/"},"modified":"2025-09-08T21:15:21","modified_gmt":"2025-09-08T19:15:21","slug":"realizacje","status":"publish","type":"page","link":"https:\/\/siteboost.pl\/projekt2\/realizacje\/","title":{"rendered":"REALIZACJE"},"content":{"rendered":"\t\t<div data-elementor-type=\"wp-page\" data-elementor-id=\"16\" class=\"elementor elementor-16\" data-elementor-post-type=\"page\">\n\t\t\t\t<div class=\"elementor-element elementor-element-d445f14 e-con-full e-flex e-con e-parent\" data-id=\"d445f14\" data-element_type=\"container\" data-settings=\"{&quot;background_background&quot;:&quot;classic&quot;}\">\n\t\t<div class=\"elementor-element elementor-element-6dabdb3 e-con-full e-flex e-con e-child\" data-id=\"6dabdb3\" data-element_type=\"container\" data-settings=\"{&quot;motion_fx_motion_fx_scrolling&quot;:&quot;yes&quot;,&quot;motion_fx_translateY_effect&quot;:&quot;yes&quot;,&quot;motion_fx_translateY_affectedRange&quot;:{&quot;unit&quot;:&quot;%&quot;,&quot;size&quot;:&quot;&quot;,&quot;sizes&quot;:{&quot;start&quot;:50,&quot;end&quot;:100}},&quot;motion_fx_devices&quot;:[&quot;desktop&quot;],&quot;motion_fx_translateY_speed&quot;:{&quot;unit&quot;:&quot;px&quot;,&quot;size&quot;:4,&quot;sizes&quot;:[]}}\">\n\t\t\t\t<div class=\"elementor-element elementor-element-68601f1 elementor-widget elementor-widget-heading\" data-id=\"68601f1\" data-element_type=\"widget\" data-widget_type=\"heading.default\">\n\t\t\t\t\t<h1 class=\"elementor-heading-title elementor-size-default\">Zadbaj o sw\u00f3j wygl\u0105d u najlepszych!<\/h1>\t\t\t\t<\/div>\n\t\t\t\t<div class=\"elementor-element elementor-element-cd2b519 elementor-widget elementor-widget-heading\" data-id=\"cd2b519\" data-element_type=\"widget\" data-widget_type=\"heading.default\">\n\t\t\t\t\t<h5 class=\"elementor-heading-title elementor-size-default\">Oferujemy szerok\u0105 gam\u0119 us\u0142ug barberskich, aby zaspokoi\u0107 Twoje potrzeby.<\/h5>\t\t\t\t<\/div>\n\t\t\t\t<div class=\"elementor-element elementor-element-b5386a2 elementor-widget__width-auto elementor-align-center elementor-widget elementor-widget-button\" data-id=\"b5386a2\" data-element_type=\"widget\" data-widget_type=\"button.default\">\n\t\t\t\t\t\t\t\t\t\t<a class=\"elementor-button elementor-button-link elementor-size-sm\" href=\"#galeria\">\n\t\t\t\t\t\t<span class=\"elementor-button-content-wrapper\">\n\t\t\t\t\t\t\t\t\t<span class=\"elementor-button-text\">Zobacz galeri\u0119<\/span>\n\t\t\t\t\t<\/span>\n\t\t\t\t\t<\/a>\n\t\t\t\t\t\t\t\t<\/div>\n\t\t\t\t<\/div>\n\t\t\t\t<\/div>\n\t\t<div class=\"elementor-element elementor-element-fd0b5f5 e-flex e-con-boxed elementor-invisible e-con e-parent\" data-id=\"fd0b5f5\" data-element_type=\"container\" data-settings=\"{&quot;animation&quot;:&quot;fadeIn&quot;}\">\n\t\t\t\t\t<div class=\"e-con-inner\">\n\t\t<div class=\"elementor-element elementor-element-e88e73c e-con-full e-flex e-con e-child\" data-id=\"e88e73c\" data-element_type=\"container\">\n\t\t<div class=\"elementor-element elementor-element-56b0ba9 e-con-full e-flex e-con e-child\" data-id=\"56b0ba9\" data-element_type=\"container\">\n\t\t\t\t<div class=\"elementor-element elementor-element-0e81396 elementor-widget__width-inherit elementor-widget-divider--view-line elementor-widget elementor-widget-divider\" data-id=\"0e81396\" data-element_type=\"widget\" data-widget_type=\"divider.default\">\n\t\t\t\t\t\t\t<div class=\"elementor-divider\">\n\t\t\t<span class=\"elementor-divider-separator\">\n\t\t\t\t\t\t<\/span>\n\t\t<\/div>\n\t\t\t\t\t\t<\/div>\n\t\t\t\t<div class=\"elementor-element elementor-element-3cad00c elementor-widget elementor-widget-heading\" data-id=\"3cad00c\" data-element_type=\"widget\" data-widget_type=\"heading.default\">\n\t\t\t\t\t<h2 class=\"elementor-heading-title elementor-size-default\">ZAPOZNAJ SI\u0118 Z PRACAMI NASZYCH SPECJALIST\u00d3W\u200b<\/h2>\t\t\t\t<\/div>\n\t\t\t\t<div class=\"elementor-element elementor-element-460dace elementor-widget elementor-widget-text-editor\" data-id=\"460dace\" data-element_type=\"widget\" data-widget_type=\"text-editor.default\">\n\t\t\t\t\t\t\t\t\t<p><span style=\"color: #999999;\">W naszym barbershopie mo\u017cesz liczy\u0107 na fachowe doradztwo, najwy\u017cszy standard higieny oraz w pe\u0142ni satysfakcjonuj\u0105c\u0105 stylizacj\u0119, dopasowan\u0105 do Twojego charakteru i stylu. Nasz\u0105 misj\u0105 jest stworzenie fryzury i brody, z kt\u00f3rych b\u0119dziesz dumnie korzysta\u0107 na co dzie\u0144. Sprawd\u017a nasze realizacje i przekonaj si\u0119, \u017ce mo\u017cesz nam zaufa\u0107<\/span><\/p>\t\t\t\t\t\t\t\t<\/div>\n\t\t\t\t<\/div>\n\t\t\t\t<\/div>\n\t\t\t\t\t<\/div>\n\t\t\t\t<\/div>\n\t\t<div class=\"elementor-element elementor-element-6506fe9 e-con-full e-flex elementor-invisible e-con e-child\" data-id=\"6506fe9\" data-element_type=\"container\" data-settings=\"{&quot;animation&quot;:&quot;fadeIn&quot;}\">\n\t\t\t\t<div class=\"elementor-element elementor-element-fdcfd37 elementor-widget elementor-widget-menu-anchor\" data-id=\"fdcfd37\" data-element_type=\"widget\" data-widget_type=\"menu-anchor.default\">\n\t\t\t\t\t\t\t<div class=\"elementor-menu-anchor\" id=\"galeria\"><\/div>\n\t\t\t\t\t\t<\/div>\n\t\t\t\t<div class=\"elementor-element elementor-element-ace245f gallery-spacing-custom elementor-widget__width-initial elementor-widget-tablet__width-initial e-transform elementor-widget elementor-widget-image-gallery\" data-id=\"ace245f\" data-element_type=\"widget\" data-settings=\"{&quot;_transform_scaleX_effect&quot;:{&quot;unit&quot;:&quot;px&quot;,&quot;size&quot;:&quot;&quot;,&quot;sizes&quot;:[]},&quot;_transform_scaleX_effect_tablet&quot;:{&quot;unit&quot;:&quot;px&quot;,&quot;size&quot;:&quot;&quot;,&quot;sizes&quot;:[]},&quot;_transform_scaleX_effect_mobile&quot;:{&quot;unit&quot;:&quot;px&quot;,&quot;size&quot;:&quot;&quot;,&quot;sizes&quot;:[]},&quot;_transform_scaleY_effect&quot;:{&quot;unit&quot;:&quot;px&quot;,&quot;size&quot;:&quot;&quot;,&quot;sizes&quot;:[]},&quot;_transform_scaleY_effect_tablet&quot;:{&quot;unit&quot;:&quot;px&quot;,&quot;size&quot;:&quot;&quot;,&quot;sizes&quot;:[]},&quot;_transform_scaleY_effect_mobile&quot;:{&quot;unit&quot;:&quot;px&quot;,&quot;size&quot;:&quot;&quot;,&quot;sizes&quot;:[]}}\" data-widget_type=\"image-gallery.default\">\n\t\t\t\t\t\t\t<div class=\"elementor-image-gallery\">\n\t\t\t<div id='gallery-1' class='gallery galleryid-16 gallery-columns-3 gallery-size-large'><figure class='gallery-item'>\n\t\t\t<div class='gallery-icon landscape'>\n\t\t\t\t<a data-elementor-open-lightbox=\"yes\" data-elementor-lightbox-slideshow=\"ace245f\" data-elementor-lightbox-title=\"barber-6818702_1280\" data-e-action-hash=\"#elementor-action%3Aaction%3Dlightbox%26settings%3DeyJpZCI6NjE5LCJ1cmwiOiJodHRwczpcL1wvc2l0ZWJvb3N0LnBsXC9wcm9qZWt0Mlwvd3AtY29udGVudFwvdXBsb2Fkc1wvMjAyNVwvMDhcL2JhcmJlci02ODE4NzAyXzEyODAuanBnIiwic2xpZGVzaG93IjoiYWNlMjQ1ZiJ9\" href='https:\/\/siteboost.pl\/projekt2\/wp-content\/uploads\/2025\/08\/barber-6818702_1280.jpg'><img fetchpriority=\"high\" decoding=\"async\" width=\"1024\" height=\"683\" src=\"https:\/\/siteboost.pl\/projekt2\/wp-content\/uploads\/2025\/08\/barber-6818702_1280-1024x683.jpg\" class=\"attachment-large size-large\" alt=\"\" srcset=\"https:\/\/siteboost.pl\/projekt2\/wp-content\/uploads\/2025\/08\/barber-6818702_1280-1024x683.jpg 1024w, https:\/\/siteboost.pl\/projekt2\/wp-content\/uploads\/2025\/08\/barber-6818702_1280-300x200.jpg 300w, https:\/\/siteboost.pl\/projekt2\/wp-content\/uploads\/2025\/08\/barber-6818702_1280-768x512.jpg 768w, https:\/\/siteboost.pl\/projekt2\/wp-content\/uploads\/2025\/08\/barber-6818702_1280.jpg 1280w\" sizes=\"(max-width: 1024px) 100vw, 1024px\" \/><\/a>\n\t\t\t<\/div><\/figure><figure class='gallery-item'>\n\t\t\t<div class='gallery-icon landscape'>\n\t\t\t\t<a data-elementor-open-lightbox=\"yes\" data-elementor-lightbox-slideshow=\"ace245f\" data-elementor-lightbox-title=\"barber-shop-6797906_1280\" data-e-action-hash=\"#elementor-action%3Aaction%3Dlightbox%26settings%3DeyJpZCI6NjIxLCJ1cmwiOiJodHRwczpcL1wvc2l0ZWJvb3N0LnBsXC9wcm9qZWt0Mlwvd3AtY29udGVudFwvdXBsb2Fkc1wvMjAyNVwvMDhcL2JhcmJlci1zaG9wLTY3OTc5MDZfMTI4MC5qcGciLCJzbGlkZXNob3ciOiJhY2UyNDVmIn0%3D\" href='https:\/\/siteboost.pl\/projekt2\/wp-content\/uploads\/2025\/08\/barber-shop-6797906_1280.jpg'><img decoding=\"async\" width=\"1024\" height=\"682\" src=\"https:\/\/siteboost.pl\/projekt2\/wp-content\/uploads\/2025\/08\/barber-shop-6797906_1280-1024x682.jpg\" class=\"attachment-large size-large\" alt=\"\" srcset=\"https:\/\/siteboost.pl\/projekt2\/wp-content\/uploads\/2025\/08\/barber-shop-6797906_1280-1024x682.jpg 1024w, https:\/\/siteboost.pl\/projekt2\/wp-content\/uploads\/2025\/08\/barber-shop-6797906_1280-300x200.jpg 300w, https:\/\/siteboost.pl\/projekt2\/wp-content\/uploads\/2025\/08\/barber-shop-6797906_1280-768x512.jpg 768w, https:\/\/siteboost.pl\/projekt2\/wp-content\/uploads\/2025\/08\/barber-shop-6797906_1280.jpg 1280w\" sizes=\"(max-width: 1024px) 100vw, 1024px\" \/><\/a>\n\t\t\t<\/div><\/figure><figure class='gallery-item'>\n\t\t\t<div class='gallery-icon landscape'>\n\t\t\t\t<a data-elementor-open-lightbox=\"yes\" data-elementor-lightbox-slideshow=\"ace245f\" data-elementor-lightbox-title=\"barber-6818712_1280\" data-e-action-hash=\"#elementor-action%3Aaction%3Dlightbox%26settings%3DeyJpZCI6NjIyLCJ1cmwiOiJodHRwczpcL1wvc2l0ZWJvb3N0LnBsXC9wcm9qZWt0Mlwvd3AtY29udGVudFwvdXBsb2Fkc1wvMjAyNVwvMDhcL2JhcmJlci02ODE4NzEyXzEyODAuanBnIiwic2xpZGVzaG93IjoiYWNlMjQ1ZiJ9\" href='https:\/\/siteboost.pl\/projekt2\/wp-content\/uploads\/2025\/08\/barber-6818712_1280.jpg'><img decoding=\"async\" width=\"1024\" height=\"682\" src=\"https:\/\/siteboost.pl\/projekt2\/wp-content\/uploads\/2025\/08\/barber-6818712_1280-1024x682.jpg\" class=\"attachment-large size-large\" alt=\"\" srcset=\"https:\/\/siteboost.pl\/projekt2\/wp-content\/uploads\/2025\/08\/barber-6818712_1280-1024x682.jpg 1024w, https:\/\/siteboost.pl\/projekt2\/wp-content\/uploads\/2025\/08\/barber-6818712_1280-300x200.jpg 300w, https:\/\/siteboost.pl\/projekt2\/wp-content\/uploads\/2025\/08\/barber-6818712_1280-768x512.jpg 768w, https:\/\/siteboost.pl\/projekt2\/wp-content\/uploads\/2025\/08\/barber-6818712_1280.jpg 1280w\" sizes=\"(max-width: 1024px) 100vw, 1024px\" \/><\/a>\n\t\t\t<\/div><\/figure><figure class='gallery-item'>\n\t\t\t<div class='gallery-icon landscape'>\n\t\t\t\t<a data-elementor-open-lightbox=\"yes\" data-elementor-lightbox-slideshow=\"ace245f\" data-elementor-lightbox-title=\"barber-shop-6797761_1280\" data-e-action-hash=\"#elementor-action%3Aaction%3Dlightbox%26settings%3DeyJpZCI6NjIzLCJ1cmwiOiJodHRwczpcL1wvc2l0ZWJvb3N0LnBsXC9wcm9qZWt0Mlwvd3AtY29udGVudFwvdXBsb2Fkc1wvMjAyNVwvMDhcL2JhcmJlci1zaG9wLTY3OTc3NjFfMTI4MC0xLmpwZyIsInNsaWRlc2hvdyI6ImFjZTI0NWYifQ%3D%3D\" href='https:\/\/siteboost.pl\/projekt2\/wp-content\/uploads\/2025\/08\/barber-shop-6797761_1280-1.jpg'><img loading=\"lazy\" decoding=\"async\" width=\"1024\" height=\"682\" src=\"https:\/\/siteboost.pl\/projekt2\/wp-content\/uploads\/2025\/08\/barber-shop-6797761_1280-1-1024x682.jpg\" class=\"attachment-large size-large\" alt=\"\" srcset=\"https:\/\/siteboost.pl\/projekt2\/wp-content\/uploads\/2025\/08\/barber-shop-6797761_1280-1-1024x682.jpg 1024w, https:\/\/siteboost.pl\/projekt2\/wp-content\/uploads\/2025\/08\/barber-shop-6797761_1280-1-300x200.jpg 300w, https:\/\/siteboost.pl\/projekt2\/wp-content\/uploads\/2025\/08\/barber-shop-6797761_1280-1-768x512.jpg 768w, https:\/\/siteboost.pl\/projekt2\/wp-content\/uploads\/2025\/08\/barber-shop-6797761_1280-1.jpg 1280w\" sizes=\"(max-width: 1024px) 100vw, 1024px\" \/><\/a>\n\t\t\t<\/div><\/figure><figure class='gallery-item'>\n\t\t\t<div class='gallery-icon landscape'>\n\t\t\t\t<a data-elementor-open-lightbox=\"yes\" data-elementor-lightbox-slideshow=\"ace245f\" data-elementor-lightbox-title=\"barber-shop-6797998_1280\" data-e-action-hash=\"#elementor-action%3Aaction%3Dlightbox%26settings%3DeyJpZCI6NjI0LCJ1cmwiOiJodHRwczpcL1wvc2l0ZWJvb3N0LnBsXC9wcm9qZWt0Mlwvd3AtY29udGVudFwvdXBsb2Fkc1wvMjAyNVwvMDhcL2JhcmJlci1zaG9wLTY3OTc5OThfMTI4MC0xLmpwZyIsInNsaWRlc2hvdyI6ImFjZTI0NWYifQ%3D%3D\" href='https:\/\/siteboost.pl\/projekt2\/wp-content\/uploads\/2025\/08\/barber-shop-6797998_1280-1.jpg'><img loading=\"lazy\" decoding=\"async\" width=\"1024\" height=\"682\" src=\"https:\/\/siteboost.pl\/projekt2\/wp-content\/uploads\/2025\/08\/barber-shop-6797998_1280-1-1024x682.jpg\" class=\"attachment-large size-large\" alt=\"\" srcset=\"https:\/\/siteboost.pl\/projekt2\/wp-content\/uploads\/2025\/08\/barber-shop-6797998_1280-1-1024x682.jpg 1024w, https:\/\/siteboost.pl\/projekt2\/wp-content\/uploads\/2025\/08\/barber-shop-6797998_1280-1-300x200.jpg 300w, https:\/\/siteboost.pl\/projekt2\/wp-content\/uploads\/2025\/08\/barber-shop-6797998_1280-1-768x512.jpg 768w, https:\/\/siteboost.pl\/projekt2\/wp-content\/uploads\/2025\/08\/barber-shop-6797998_1280-1.jpg 1280w\" sizes=\"(max-width: 1024px) 100vw, 1024px\" \/><\/a>\n\t\t\t<\/div><\/figure><figure class='gallery-item'>\n\t\t\t<div class='gallery-icon landscape'>\n\t\t\t\t<a data-elementor-open-lightbox=\"yes\" data-elementor-lightbox-slideshow=\"ace245f\" data-elementor-lightbox-title=\"allef-vinicius-IvQeAVeJULw-unsplash\" data-e-action-hash=\"#elementor-action%3Aaction%3Dlightbox%26settings%3DeyJpZCI6NjgxLCJ1cmwiOiJodHRwczpcL1wvc2l0ZWJvb3N0LnBsXC9wcm9qZWt0Mlwvd3AtY29udGVudFwvdXBsb2Fkc1wvMjAyNVwvMDhcL2FsbGVmLXZpbmljaXVzLUl2UWVBVmVKVUx3LXVuc3BsYXNoLXNjYWxlZC5qcGciLCJzbGlkZXNob3ciOiJhY2UyNDVmIn0%3D\" href='https:\/\/siteboost.pl\/projekt2\/wp-content\/uploads\/2025\/08\/allef-vinicius-IvQeAVeJULw-unsplash-scaled.jpg'><img loading=\"lazy\" decoding=\"async\" width=\"1024\" height=\"683\" src=\"https:\/\/siteboost.pl\/projekt2\/wp-content\/uploads\/2025\/08\/allef-vinicius-IvQeAVeJULw-unsplash-1024x683.jpg\" class=\"attachment-large size-large\" alt=\"\" srcset=\"https:\/\/siteboost.pl\/projekt2\/wp-content\/uploads\/2025\/08\/allef-vinicius-IvQeAVeJULw-unsplash-1024x683.jpg 1024w, https:\/\/siteboost.pl\/projekt2\/wp-content\/uploads\/2025\/08\/allef-vinicius-IvQeAVeJULw-unsplash-300x200.jpg 300w, https:\/\/siteboost.pl\/projekt2\/wp-content\/uploads\/2025\/08\/allef-vinicius-IvQeAVeJULw-unsplash-768x512.jpg 768w, https:\/\/siteboost.pl\/projekt2\/wp-content\/uploads\/2025\/08\/allef-vinicius-IvQeAVeJULw-unsplash-1536x1024.jpg 1536w, https:\/\/siteboost.pl\/projekt2\/wp-content\/uploads\/2025\/08\/allef-vinicius-IvQeAVeJULw-unsplash-2048x1365.jpg 2048w\" sizes=\"(max-width: 1024px) 100vw, 1024px\" \/><\/a>\n\t\t\t<\/div><\/figure><figure class='gallery-item'>\n\t\t\t<div class='gallery-icon landscape'>\n\t\t\t\t<a data-elementor-open-lightbox=\"yes\" data-elementor-lightbox-slideshow=\"ace245f\" data-elementor-lightbox-title=\"barber-shop-5225273_1280\" data-e-action-hash=\"#elementor-action%3Aaction%3Dlightbox%26settings%3DeyJpZCI6NjgyLCJ1cmwiOiJodHRwczpcL1wvc2l0ZWJvb3N0LnBsXC9wcm9qZWt0Mlwvd3AtY29udGVudFwvdXBsb2Fkc1wvMjAyNVwvMDhcL2JhcmJlci1zaG9wLTUyMjUyNzNfMTI4MC5qcGciLCJzbGlkZXNob3ciOiJhY2UyNDVmIn0%3D\" href='https:\/\/siteboost.pl\/projekt2\/wp-content\/uploads\/2025\/08\/barber-shop-5225273_1280.jpg'><img loading=\"lazy\" decoding=\"async\" width=\"1024\" height=\"682\" src=\"https:\/\/siteboost.pl\/projekt2\/wp-content\/uploads\/2025\/08\/barber-shop-5225273_1280-1024x682.jpg\" class=\"attachment-large size-large\" alt=\"\" srcset=\"https:\/\/siteboost.pl\/projekt2\/wp-content\/uploads\/2025\/08\/barber-shop-5225273_1280-1024x682.jpg 1024w, https:\/\/siteboost.pl\/projekt2\/wp-content\/uploads\/2025\/08\/barber-shop-5225273_1280-300x200.jpg 300w, https:\/\/siteboost.pl\/projekt2\/wp-content\/uploads\/2025\/08\/barber-shop-5225273_1280-768x512.jpg 768w, https:\/\/siteboost.pl\/projekt2\/wp-content\/uploads\/2025\/08\/barber-shop-5225273_1280.jpg 1280w\" sizes=\"(max-width: 1024px) 100vw, 1024px\" \/><\/a>\n\t\t\t<\/div><\/figure><figure class='gallery-item'>\n\t\t\t<div class='gallery-icon landscape'>\n\t\t\t\t<a data-elementor-open-lightbox=\"yes\" data-elementor-lightbox-slideshow=\"ace245f\" data-elementor-lightbox-title=\"barber-shop-5225310_1280\" data-e-action-hash=\"#elementor-action%3Aaction%3Dlightbox%26settings%3DeyJpZCI6NjgzLCJ1cmwiOiJodHRwczpcL1wvc2l0ZWJvb3N0LnBsXC9wcm9qZWt0Mlwvd3AtY29udGVudFwvdXBsb2Fkc1wvMjAyNVwvMDhcL2JhcmJlci1zaG9wLTUyMjUzMTBfMTI4MC5qcGciLCJzbGlkZXNob3ciOiJhY2UyNDVmIn0%3D\" href='https:\/\/siteboost.pl\/projekt2\/wp-content\/uploads\/2025\/08\/barber-shop-5225310_1280.jpg'><img loading=\"lazy\" decoding=\"async\" width=\"1024\" height=\"682\" src=\"https:\/\/siteboost.pl\/projekt2\/wp-content\/uploads\/2025\/08\/barber-shop-5225310_1280-1024x682.jpg\" class=\"attachment-large size-large\" alt=\"\" srcset=\"https:\/\/siteboost.pl\/projekt2\/wp-content\/uploads\/2025\/08\/barber-shop-5225310_1280-1024x682.jpg 1024w, https:\/\/siteboost.pl\/projekt2\/wp-content\/uploads\/2025\/08\/barber-shop-5225310_1280-300x200.jpg 300w, https:\/\/siteboost.pl\/projekt2\/wp-content\/uploads\/2025\/08\/barber-shop-5225310_1280-768x512.jpg 768w, https:\/\/siteboost.pl\/projekt2\/wp-content\/uploads\/2025\/08\/barber-shop-5225310_1280.jpg 1280w\" sizes=\"(max-width: 1024px) 100vw, 1024px\" \/><\/a>\n\t\t\t<\/div><\/figure><figure class='gallery-item'>\n\t\t\t<div class='gallery-icon landscape'>\n\t\t\t\t<a data-elementor-open-lightbox=\"yes\" data-elementor-lightbox-slideshow=\"ace245f\" data-elementor-lightbox-title=\"haircut-4019676_1280\" data-e-action-hash=\"#elementor-action%3Aaction%3Dlightbox%26settings%3DeyJpZCI6Njg0LCJ1cmwiOiJodHRwczpcL1wvc2l0ZWJvb3N0LnBsXC9wcm9qZWt0Mlwvd3AtY29udGVudFwvdXBsb2Fkc1wvMjAyNVwvMDhcL2hhaXJjdXQtNDAxOTY3Nl8xMjgwLmpwZyIsInNsaWRlc2hvdyI6ImFjZTI0NWYifQ%3D%3D\" href='https:\/\/siteboost.pl\/projekt2\/wp-content\/uploads\/2025\/08\/haircut-4019676_1280.jpg'><img loading=\"lazy\" decoding=\"async\" width=\"1024\" height=\"682\" src=\"https:\/\/siteboost.pl\/projekt2\/wp-content\/uploads\/2025\/08\/haircut-4019676_1280-1024x682.jpg\" class=\"attachment-large size-large\" alt=\"\" srcset=\"https:\/\/siteboost.pl\/projekt2\/wp-content\/uploads\/2025\/08\/haircut-4019676_1280-1024x682.jpg 1024w, https:\/\/siteboost.pl\/projekt2\/wp-content\/uploads\/2025\/08\/haircut-4019676_1280-300x200.jpg 300w, https:\/\/siteboost.pl\/projekt2\/wp-content\/uploads\/2025\/08\/haircut-4019676_1280-768x512.jpg 768w, https:\/\/siteboost.pl\/projekt2\/wp-content\/uploads\/2025\/08\/haircut-4019676_1280.jpg 1280w\" sizes=\"(max-width: 1024px) 100vw, 1024px\" \/><\/a>\n\t\t\t<\/div><\/figure>\n\t\t<\/div>\n\t\t<\/div>\n\t\t\t\t\t\t<\/div>\n\t\t\t\t<\/div>\n\t\t<div class=\"elementor-element elementor-element-3ef4c6f e-flex e-con-boxed elementor-invisible e-con e-parent\" data-id=\"3ef4c6f\" data-element_type=\"container\" data-settings=\"{&quot;animation&quot;:&quot;fadeIn&quot;}\">\n\t\t\t\t\t<div class=\"e-con-inner\">\n\t\t\t\t<div class=\"elementor-element elementor-element-68b5220 elementor-cta--layout-image-left elementor-cta--valign-middle elementor-cta--mobile-layout-image-above animated-slow elementor-cta--skin-classic elementor-animated-content elementor-widget elementor-widget-call-to-action\" data-id=\"68b5220\" data-element_type=\"widget\" data-settings=\"{&quot;_animation&quot;:&quot;none&quot;}\" data-widget_type=\"call-to-action.default\">\n\t\t\t\t\t\t\t<div class=\"elementor-cta\">\n\t\t\t\t\t<div class=\"elementor-cta__bg-wrapper\">\n\t\t\t\t<div class=\"elementor-cta__bg elementor-bg\" style=\"background-image: url(https:\/\/siteboost.pl\/projekt2\/wp-content\/uploads\/2025\/08\/haircut-1007891_1280.jpg);\" role=\"img\" aria-label=\"haircut-1007891_1280\"><\/div>\n\t\t\t\t<div class=\"elementor-cta__bg-overlay\"><\/div>\n\t\t\t<\/div>\n\t\t\t\t\t\t\t<div class=\"elementor-cta__content\">\n\t\t\t\t\n\t\t\t\t\t\t\t\t\t<h2 class=\"elementor-cta__title elementor-cta__content-item elementor-content-item\">\n\t\t\t\t\t\tZarezerwuj wizyt\u0119 online w kilka chwil\t\t\t\t\t<\/h2>\n\t\t\t\t\n\t\t\t\t\t\t\t\t\t<div class=\"elementor-cta__description elementor-cta__content-item elementor-content-item\">\n\t\t\t\t\t\tZ nasz\u0105 pomoc\u0105 \u0142atwo zarezerwujesz wizyt\u0119 i skorzystasz z pe\u0142nego zakresu naszych us\u0142ug. Jeste\u015bmy tu, aby zadba\u0107 o Tw\u00f3j wygl\u0105d i zapewni\u0107 Ci profesjonaln\u0105 obs\u0142ug\u0119.\t\t\t\t\t<\/div>\n\t\t\t\t\n\t\t\t\t\t\t\t\t\t<div class=\"elementor-cta__button-wrapper elementor-cta__content-item elementor-content-item \">\n\t\t\t\t\t<a class=\"elementor-cta__button elementor-button elementor-size-\" href=\"http:\/\/siteboost.pl\/projekt2\/kontakt\/\">\n\t\t\t\t\t\tZarezerwuj teraz\t\t\t\t\t<\/a>\n\t\t\t\t\t<\/div>\n\t\t\t\t\t\t\t<\/div>\n\t\t\t\t\t\t<\/div>\n\t\t\t\t\t\t<\/div>\n\t\t\t\t\t<\/div>\n\t\t\t\t<\/div>\n\t\t<div class=\"elementor-element elementor-element-bab9e06 e-con-full e-flex elementor-invisible e-con e-parent\" data-id=\"bab9e06\" data-element_type=\"container\" data-settings=\"{&quot;animation&quot;:&quot;fadeIn&quot;}\">\n\t\t<div class=\"elementor-element elementor-element-9855aff e-con-full e-flex e-con e-child\" data-id=\"9855aff\" data-element_type=\"container\" data-settings=\"{&quot;background_background&quot;:&quot;classic&quot;,&quot;background_motion_fx_translateY_effect&quot;:&quot;yes&quot;,&quot;background_motion_fx_translateY_speed&quot;:{&quot;unit&quot;:&quot;px&quot;,&quot;size&quot;:6.1,&quot;sizes&quot;:[]},&quot;background_motion_fx_motion_fx_scrolling&quot;:&quot;yes&quot;,&quot;background_motion_fx_translateY_affectedRange&quot;:{&quot;unit&quot;:&quot;%&quot;,&quot;size&quot;:&quot;&quot;,&quot;sizes&quot;:{&quot;start&quot;:0,&quot;end&quot;:100}},&quot;background_motion_fx_devices&quot;:[&quot;desktop&quot;,&quot;tablet&quot;,&quot;mobile&quot;]}\">\n\t\t<div class=\"elementor-element elementor-element-3f426af e-flex e-con-boxed e-con e-child\" data-id=\"3f426af\" data-element_type=\"container\">\n\t\t\t\t\t<div class=\"e-con-inner\">\n\t\t\t\t<div class=\"elementor-element elementor-element-4f4b23d elementor-widget__width-inherit elementor-widget-divider--view-line elementor-widget elementor-widget-divider\" data-id=\"4f4b23d\" data-element_type=\"widget\" data-widget_type=\"divider.default\">\n\t\t\t\t\t\t\t<div class=\"elementor-divider\">\n\t\t\t<span class=\"elementor-divider-separator\">\n\t\t\t\t\t\t<\/span>\n\t\t<\/div>\n\t\t\t\t\t\t<\/div>\n\t\t\t\t<div class=\"elementor-element elementor-element-4393d06 elementor-widget elementor-widget-heading\" data-id=\"4393d06\" data-element_type=\"widget\" data-widget_type=\"heading.default\">\n\t\t\t\t\t<h4 class=\"elementor-heading-title elementor-size-default\">MASZ PYTANIA?\n<\/h4>\t\t\t\t<\/div>\n\t\t\t\t<div class=\"elementor-element elementor-element-8d08a90 elementor-widget elementor-widget-heading\" data-id=\"8d08a90\" data-element_type=\"widget\" data-widget_type=\"heading.default\">\n\t\t\t\t\t<h2 class=\"elementor-heading-title elementor-size-default\">Napisz do nas!<\/h2>\t\t\t\t<\/div>\n\t\t\t\t<div class=\"elementor-element elementor-element-db09742 elementor-widget__width-auto elementor-align-right elementor-widget elementor-widget-button\" data-id=\"db09742\" data-element_type=\"widget\" data-widget_type=\"button.default\">\n\t\t\t\t\t\t\t\t\t\t<a class=\"elementor-button elementor-button-link elementor-size-sm\" href=\"http:\/\/siteboost.pl\/projekt2\/kontakt\/\">\n\t\t\t\t\t\t<span class=\"elementor-button-content-wrapper\">\n\t\t\t\t\t\t\t\t\t<span class=\"elementor-button-text\">KONTAKT<\/span>\n\t\t\t\t\t<\/span>\n\t\t\t\t\t<\/a>\n\t\t\t\t\t\t\t\t<\/div>\n\t\t\t\t\t<\/div>\n\t\t\t\t<\/div>\n\t\t\t\t<\/div>\n\t\t\t\t<\/div>\n\t\t\t\t<\/div>\n\t\t","protected":false},"excerpt":{"rendered":"<p>Zadbaj o sw\u00f3j wygl\u0105d u najlepszych! Oferujemy szerok\u0105 gam\u0119 us\u0142ug barberskich, aby zaspokoi\u0107 Twoje potrzeby. Zobacz galeri\u0119 ZAPOZNAJ SI\u0118 Z PRACAMI NASZYCH SPECJALIST\u00d3W\u200b W naszym barbershopie mo\u017cesz liczy\u0107 na fachowe doradztwo, najwy\u017cszy standard higieny oraz w pe\u0142ni satysfakcjonuj\u0105c\u0105 stylizacj\u0119, dopasowan\u0105 do Twojego charakteru i stylu. Nasz\u0105 misj\u0105 jest stworzenie fryzury i brody, z kt\u00f3rych b\u0119dziesz&#8230;<\/p>\n","protected":false},"author":1,"featured_media":0,"parent":0,"menu_order":3,"comment_status":"closed","ping_status":"closed","template":"elementor_header_footer","meta":{"_kad_post_transparent":"","_kad_post_title":"","_kad_post_layout":"","_kad_post_sidebar_id":"","_kad_post_content_style":"","_kad_post_vertical_padding":"","_kad_post_feature":"","_kad_post_feature_position":"","_kad_post_header":false,"_kad_post_footer":false,"footnotes":""},"class_list":["post-16","page","type-page","status-publish","hentry"],"_links":{"self":[{"href":"https:\/\/siteboost.pl\/projekt2\/wp-json\/wp\/v2\/pages\/16","targetHints":{"allow":["GET"]}}],"collection":[{"href":"https:\/\/siteboost.pl\/projekt2\/wp-json\/wp\/v2\/pages"}],"about":[{"href":"https:\/\/siteboost.pl\/projekt2\/wp-json\/wp\/v2\/types\/page"}],"author":[{"embeddable":true,"href":"https:\/\/siteboost.pl\/projekt2\/wp-json\/wp\/v2\/users\/1"}],"replies":[{"embeddable":true,"href":"https:\/\/siteboost.pl\/projekt2\/wp-json\/wp\/v2\/comments?post=16"}],"version-history":[{"count":119,"href":"https:\/\/siteboost.pl\/projekt2\/wp-json\/wp\/v2\/pages\/16\/revisions"}],"predecessor-version":[{"id":979,"href":"https:\/\/siteboost.pl\/projekt2\/wp-json\/wp\/v2\/pages\/16\/revisions\/979"}],"wp:attachment":[{"href":"https:\/\/siteboost.pl\/projekt2\/wp-json\/wp\/v2\/media?parent=16"}],"curies":[{"name":"wp","href":"https:\/\/api.w.org\/{rel}","templated":true}]}}