{"id":14,"date":"2025-07-16T22:04:34","date_gmt":"2025-07-16T20:04:34","guid":{"rendered":"https:\/\/siteboost.pl\/projekt2\/faq\/"},"modified":"2025-09-08T21:13:00","modified_gmt":"2025-09-08T19:13:00","slug":"faq","status":"publish","type":"page","link":"https:\/\/siteboost.pl\/projekt2\/faq\/","title":{"rendered":"FAQ"},"content":{"rendered":"\t\t<div data-elementor-type=\"wp-page\" data-elementor-id=\"14\" class=\"elementor elementor-14\" data-elementor-post-type=\"page\">\n\t\t\t\t<div class=\"elementor-element elementor-element-d445f14 e-con-full e-flex e-con e-parent\" data-id=\"d445f14\" data-element_type=\"container\" data-settings=\"{&quot;background_background&quot;:&quot;classic&quot;}\">\n\t\t<div class=\"elementor-element elementor-element-d4895d8 e-con-full e-flex e-con e-child\" data-id=\"d4895d8\" data-element_type=\"container\" data-settings=\"{&quot;motion_fx_motion_fx_scrolling&quot;:&quot;yes&quot;,&quot;motion_fx_translateY_effect&quot;:&quot;yes&quot;,&quot;motion_fx_translateY_affectedRange&quot;:{&quot;unit&quot;:&quot;%&quot;,&quot;size&quot;:&quot;&quot;,&quot;sizes&quot;:{&quot;start&quot;:50,&quot;end&quot;:100}},&quot;motion_fx_devices&quot;:[&quot;desktop&quot;],&quot;motion_fx_translateY_speed&quot;:{&quot;unit&quot;:&quot;px&quot;,&quot;size&quot;:4,&quot;sizes&quot;:[]}}\">\n\t\t\t\t<div class=\"elementor-element elementor-element-edbfa13 elementor-widget elementor-widget-heading\" data-id=\"edbfa13\" data-element_type=\"widget\" data-widget_type=\"heading.default\">\n\t\t\t\t\t<h1 class=\"elementor-heading-title elementor-size-default\">Najcz\u0119\u015bciej zadawane pytania<\/h1>\t\t\t\t<\/div>\n\t\t\t\t<div class=\"elementor-element elementor-element-bfe1790 elementor-widget elementor-widget-heading\" data-id=\"bfe1790\" data-element_type=\"widget\" data-widget_type=\"heading.default\">\n\t\t\t\t\t<h5 class=\"elementor-heading-title elementor-size-default\">Znajdziesz tu odpowiedzi na najcz\u0119\u015bciej zadawane pytania.<\/h5>\t\t\t\t<\/div>\n\t\t\t\t<div class=\"elementor-element elementor-element-b048bfc elementor-widget__width-auto elementor-align-center elementor-widget elementor-widget-button\" data-id=\"b048bfc\" data-element_type=\"widget\" data-widget_type=\"button.default\">\n\t\t\t\t\t\t\t\t\t\t<a class=\"elementor-button elementor-button-link elementor-size-sm\" href=\"#faq\">\n\t\t\t\t\t\t<span class=\"elementor-button-content-wrapper\">\n\t\t\t\t\t\t\t\t\t<span class=\"elementor-button-text\">Dowiedz si\u0119 wi\u0119cej<\/span>\n\t\t\t\t\t<\/span>\n\t\t\t\t\t<\/a>\n\t\t\t\t\t\t\t\t<\/div>\n\t\t\t\t<\/div>\n\t\t\t\t<\/div>\n\t\t<div class=\"elementor-element elementor-element-3533ac5 e-flex e-con-boxed elementor-invisible e-con e-parent\" data-id=\"3533ac5\" data-element_type=\"container\" data-settings=\"{&quot;animation&quot;:&quot;fadeIn&quot;}\">\n\t\t\t\t\t<div class=\"e-con-inner\">\n\t\t<div class=\"elementor-element elementor-element-22934b6 e-con-full e-flex e-con e-child\" data-id=\"22934b6\" data-element_type=\"container\">\n\t\t<div class=\"elementor-element elementor-element-06026b5 e-con-full e-flex e-con e-child\" data-id=\"06026b5\" data-element_type=\"container\">\n\t\t\t\t<div class=\"elementor-element elementor-element-fd8191b elementor-widget__width-inherit elementor-widget-divider--view-line elementor-widget elementor-widget-divider\" data-id=\"fd8191b\" data-element_type=\"widget\" data-widget_type=\"divider.default\">\n\t\t\t\t\t\t\t<div class=\"elementor-divider\">\n\t\t\t<span class=\"elementor-divider-separator\">\n\t\t\t\t\t\t<\/span>\n\t\t<\/div>\n\t\t\t\t\t\t<\/div>\n\t\t\t\t<div class=\"elementor-element elementor-element-d34cc85 elementor-widget elementor-widget-heading\" data-id=\"d34cc85\" data-element_type=\"widget\" data-widget_type=\"heading.default\">\n\t\t\t\t\t<h2 class=\"elementor-heading-title elementor-size-default\">NAJCZ\u0118\u015aCIEJ ZADAWANE PYTANIA<\/h2>\t\t\t\t<\/div>\n\t\t\t\t<div class=\"elementor-element elementor-element-8e7ad74 elementor-widget elementor-widget-text-editor\" data-id=\"8e7ad74\" data-element_type=\"widget\" data-widget_type=\"text-editor.default\">\n\t\t\t\t\t\t\t\t\t<p><span style=\"color: #999999;\">Oto odpowiedzi na najcz\u0119\u015bciej zadawane pytania dotycz\u0105ce naszych us\u0142ug.<\/span><\/p>\t\t\t\t\t\t\t\t<\/div>\n\t\t\t\t<\/div>\n\t\t\t\t<\/div>\n\t\t\t\t<div class=\"elementor-element elementor-element-e0b88e7 elementor-widget elementor-widget-menu-anchor\" data-id=\"e0b88e7\" data-element_type=\"widget\" data-widget_type=\"menu-anchor.default\">\n\t\t\t\t\t\t\t<div class=\"elementor-menu-anchor\" id=\"faq\"><\/div>\n\t\t\t\t\t\t<\/div>\n\t\t\t\t\t<\/div>\n\t\t\t\t<\/div>\n\t\t<div class=\"elementor-element elementor-element-6fa318c e-flex e-con-boxed elementor-invisible e-con e-parent\" data-id=\"6fa318c\" data-element_type=\"container\" data-settings=\"{&quot;animation&quot;:&quot;fadeIn&quot;}\">\n\t\t\t\t\t<div class=\"e-con-inner\">\n\t\t<div class=\"elementor-element elementor-element-436c431 e-con-full e-flex e-con e-child\" data-id=\"436c431\" data-element_type=\"container\">\n\t\t<div class=\"elementor-element elementor-element-bfc02cc e-con-full e-flex e-con e-child\" data-id=\"bfc02cc\" data-element_type=\"container\">\n\t\t\t\t<div class=\"elementor-element elementor-element-036e964 elementor-widget elementor-widget-heading\" data-id=\"036e964\" data-element_type=\"widget\" data-widget_type=\"heading.default\">\n\t\t\t\t\t<h2 class=\"elementor-heading-title elementor-size-default\">Jakie us\u0142ugi oferujecie?<\/h2>\t\t\t\t<\/div>\n\t\t\t\t<div class=\"elementor-element elementor-element-500924c elementor-widget elementor-widget-text-editor\" data-id=\"500924c\" data-element_type=\"widget\" data-widget_type=\"text-editor.default\">\n\t\t\t\t\t\t\t\t\t<p><span style=\"color: #808080;\">Oferujemy szeroki zakres us\u0142ug barberskich, w tym strzy\u017cenie, golenie, koloryzacj\u0119 oraz piel\u0119gnacj\u0119 twarzy. Naszym celem jest, aby ka\u017cdy klient czu\u0142 si\u0119 wyj\u0105tkowo.<\/span><\/p>\t\t\t\t\t\t\t\t<\/div>\n\t\t\t\t<\/div>\n\t\t<div class=\"elementor-element elementor-element-750c561 e-con-full e-flex e-con e-child\" data-id=\"750c561\" data-element_type=\"container\">\n\t\t\t\t<div class=\"elementor-element elementor-element-aaa830a elementor-widget elementor-widget-heading\" data-id=\"aaa830a\" data-element_type=\"widget\" data-widget_type=\"heading.default\">\n\t\t\t\t\t<h2 class=\"elementor-heading-title elementor-size-default\">Jak mog\u0119 zarezerwowa\u0107 wizyt\u0119?<\/h2>\t\t\t\t<\/div>\n\t\t\t\t<div class=\"elementor-element elementor-element-d8941b1 elementor-widget elementor-widget-text-editor\" data-id=\"d8941b1\" data-element_type=\"widget\" data-widget_type=\"text-editor.default\">\n\t\t\t\t\t\t\t\t\t<p><span style=\"color: #808080;\">Rezerwacj\u0119 mo\u017cna wykona\u0107 online poprzez nasz\u0105 stron\u0119 lub telefonicznie. Wystarczy wybra\u0107 termin, a my zajmiemy si\u0119 reszt\u0105.<\/span><\/p>\t\t\t\t\t\t\t\t<\/div>\n\t\t\t\t<\/div>\n\t\t<div class=\"elementor-element elementor-element-c80a7f4 e-con-full e-flex e-con e-child\" data-id=\"c80a7f4\" data-element_type=\"container\">\n\t\t\t\t<div class=\"elementor-element elementor-element-4f9817b elementor-widget elementor-widget-heading\" data-id=\"4f9817b\" data-element_type=\"widget\" data-widget_type=\"heading.default\">\n\t\t\t\t\t<h2 class=\"elementor-heading-title elementor-size-default\">Jakie s\u0105 godziny otwarcia?<\/h2>\t\t\t\t<\/div>\n\t\t\t\t<div class=\"elementor-element elementor-element-554079a elementor-widget elementor-widget-text-editor\" data-id=\"554079a\" data-element_type=\"widget\" data-widget_type=\"text-editor.default\">\n\t\t\t\t\t\t\t\t\t<p><span style=\"color: #808080;\">Jeste\u015bmy otwarci od poniedzia\u0142ku do soboty w godzinach 8:00 &#8211; 20:00. W niedziele mamy przerw\u0119, aby zregenerowa\u0107 si\u0142y na nowy tydzie\u0144.<\/span><\/p>\t\t\t\t\t\t\t\t<\/div>\n\t\t\t\t<\/div>\n\t\t<div class=\"elementor-element elementor-element-d109461 e-con-full e-flex e-con e-child\" data-id=\"d109461\" data-element_type=\"container\">\n\t\t\t\t<div class=\"elementor-element elementor-element-7b3bf8c elementor-widget elementor-widget-heading\" data-id=\"7b3bf8c\" data-element_type=\"widget\" data-widget_type=\"heading.default\">\n\t\t\t\t\t<h2 class=\"elementor-heading-title elementor-size-default\">Jakie produkty u\u017cywacie?<\/h2>\t\t\t\t<\/div>\n\t\t\t\t<div class=\"elementor-element elementor-element-f9104aa elementor-widget elementor-widget-text-editor\" data-id=\"f9104aa\" data-element_type=\"widget\" data-widget_type=\"text-editor.default\">\n\t\t\t\t\t\t\t\t\t<p><span style=\"color: #808080;\">U\u017cywamy wy\u0142\u0105cznie sprawdzonych i wysokiej jako\u015bci produkt\u00f3w, aby zapewni\u0107 najlepsze rezultaty i satysfakcj\u0119 naszych klient\u00f3w.<\/span><\/p>\t\t\t\t\t\t\t\t<\/div>\n\t\t\t\t<\/div>\n\t\t<div class=\"elementor-element elementor-element-f2be3b6 e-con-full e-flex e-con e-child\" data-id=\"f2be3b6\" data-element_type=\"container\">\n\t\t\t\t<div class=\"elementor-element elementor-element-8ffcdf5 elementor-widget elementor-widget-heading\" data-id=\"8ffcdf5\" data-element_type=\"widget\" data-widget_type=\"heading.default\">\n\t\t\t\t\t<h2 class=\"elementor-heading-title elementor-size-default\">Jakie s\u0105 zasady dotycz\u0105ce odwo\u0142ywania wizyty?<\/h2>\t\t\t\t<\/div>\n\t\t\t\t<div class=\"elementor-element elementor-element-338f86b elementor-widget elementor-widget-text-editor\" data-id=\"338f86b\" data-element_type=\"widget\" data-widget_type=\"text-editor.default\">\n\t\t\t\t\t\t\t\t\t<p><span style=\"color: #808080;\">Prosimy o informowanie nas o odwo\u0142aniu wizyty co najmniej 24 godziny wcze\u015bniej. Dzi\u0119ki temu mo\u017cemy lepiej zarz\u0105dza\u0107 naszym harmonogramem.<\/span><\/p>\t\t\t\t\t\t\t\t<\/div>\n\t\t\t\t<\/div>\n\t\t<div class=\"elementor-element elementor-element-c0aa8a6 e-con-full e-flex e-con e-child\" data-id=\"c0aa8a6\" data-element_type=\"container\">\n\t\t\t\t<div class=\"elementor-element elementor-element-479dbdf elementor-widget elementor-widget-heading\" data-id=\"479dbdf\" data-element_type=\"widget\" data-widget_type=\"heading.default\">\n\t\t\t\t\t<h2 class=\"elementor-heading-title elementor-size-default\">Jakie s\u0105 Wasze zalecenia dotycz\u0105ce piel\u0119gnacji?<\/h2>\t\t\t\t<\/div>\n\t\t\t\t<div class=\"elementor-element elementor-element-ecc18ed elementor-widget elementor-widget-text-editor\" data-id=\"ecc18ed\" data-element_type=\"widget\" data-widget_type=\"text-editor.default\">\n\t\t\t\t\t\t\t\t\t<p><span style=\"color: #808080;\">Zalecamy regularne stosowanie naszych specjalnych produkt\u00f3w do piel\u0119gnacji, aby utrzyma\u0107 efekt wizyty jak najd\u0142u\u017cej.<\/span><\/p>\t\t\t\t\t\t\t\t<\/div>\n\t\t\t\t<\/div>\n\t\t<div class=\"elementor-element elementor-element-d3d285c e-con-full e-flex e-con e-child\" data-id=\"d3d285c\" data-element_type=\"container\">\n\t\t\t\t<div class=\"elementor-element elementor-element-9406f41 elementor-widget elementor-widget-heading\" data-id=\"9406f41\" data-element_type=\"widget\" data-widget_type=\"heading.default\">\n\t\t\t\t\t<h2 class=\"elementor-heading-title elementor-size-default\">Jakie s\u0105 opinie klient\u00f3w?<\/h2>\t\t\t\t<\/div>\n\t\t\t\t<div class=\"elementor-element elementor-element-83eb2d8 elementor-widget elementor-widget-text-editor\" data-id=\"83eb2d8\" data-element_type=\"widget\" data-widget_type=\"text-editor.default\">\n\t\t\t\t\t\t\t\t\t<p><span style=\"color: #808080;\">Klienci ch\u0119tnie dziel\u0105 si\u0119 swoimi opiniami i rekomendacjami. Mo\u017cesz je znale\u017a\u0107 na stronie medi\u00f3w spo\u0142eczno\u015bciowych.<\/span><\/p>\t\t\t\t\t\t\t\t<\/div>\n\t\t\t\t<\/div>\n\t\t<div class=\"elementor-element elementor-element-777896c e-con-full e-flex e-con e-child\" data-id=\"777896c\" data-element_type=\"container\">\n\t\t\t\t<div class=\"elementor-element elementor-element-1dc26c0 elementor-widget elementor-widget-heading\" data-id=\"1dc26c0\" data-element_type=\"widget\" data-widget_type=\"heading.default\">\n\t\t\t\t\t<h2 class=\"elementor-heading-title elementor-size-default\">Jak d\u0142ugo trwa strzy\u017cenie?<\/h2>\t\t\t\t<\/div>\n\t\t\t\t<div class=\"elementor-element elementor-element-b532e5b elementor-widget elementor-widget-text-editor\" data-id=\"b532e5b\" data-element_type=\"widget\" data-widget_type=\"text-editor.default\">\n\t\t\t\t\t\t\t\t\t<p><span style=\"color: #808080;\">Strzy\u017cenie zazwyczaj trwa od 30 do 60 minut, w zale\u017cno\u015bci od wybranej us\u0142ugi.<\/span><\/p>\t\t\t\t\t\t\t\t<\/div>\n\t\t\t\t<\/div>\n\t\t\t\t<\/div>\n\t\t\t\t\t<\/div>\n\t\t\t\t<\/div>\n\t\t<div class=\"elementor-element elementor-element-d13a626 e-flex e-con-boxed elementor-invisible e-con e-parent\" data-id=\"d13a626\" data-element_type=\"container\" data-settings=\"{&quot;background_background&quot;:&quot;classic&quot;,&quot;background_motion_fx_translateY_effect&quot;:&quot;yes&quot;,&quot;background_motion_fx_translateY_speed&quot;:{&quot;unit&quot;:&quot;px&quot;,&quot;size&quot;:6.1,&quot;sizes&quot;:[]},&quot;background_motion_fx_motion_fx_scrolling&quot;:&quot;yes&quot;,&quot;animation&quot;:&quot;fadeIn&quot;,&quot;background_motion_fx_translateY_affectedRange&quot;:{&quot;unit&quot;:&quot;%&quot;,&quot;size&quot;:&quot;&quot;,&quot;sizes&quot;:{&quot;start&quot;:0,&quot;end&quot;:100}},&quot;background_motion_fx_devices&quot;:[&quot;desktop&quot;,&quot;tablet&quot;,&quot;mobile&quot;]}\">\n\t\t\t\t\t<div class=\"e-con-inner\">\n\t\t<div class=\"elementor-element elementor-element-9cc4fd2 e-flex e-con-boxed e-con e-child\" data-id=\"9cc4fd2\" data-element_type=\"container\">\n\t\t\t\t\t<div class=\"e-con-inner\">\n\t\t\t\t<div class=\"elementor-element elementor-element-b64bb1f elementor-widget__width-inherit elementor-widget-divider--view-line elementor-widget elementor-widget-divider\" data-id=\"b64bb1f\" data-element_type=\"widget\" data-widget_type=\"divider.default\">\n\t\t\t\t\t\t\t<div class=\"elementor-divider\">\n\t\t\t<span class=\"elementor-divider-separator\">\n\t\t\t\t\t\t<\/span>\n\t\t<\/div>\n\t\t\t\t\t\t<\/div>\n\t\t\t\t<div class=\"elementor-element elementor-element-37c90c3 elementor-widget elementor-widget-heading\" data-id=\"37c90c3\" data-element_type=\"widget\" data-widget_type=\"heading.default\">\n\t\t\t\t\t<h4 class=\"elementor-heading-title elementor-size-default\">MASZ PYTANIA?\n<\/h4>\t\t\t\t<\/div>\n\t\t\t\t<div class=\"elementor-element elementor-element-1d7e813 elementor-widget elementor-widget-heading\" data-id=\"1d7e813\" data-element_type=\"widget\" data-widget_type=\"heading.default\">\n\t\t\t\t\t<h2 class=\"elementor-heading-title elementor-size-default\">Czekay na Twoje pytania! Skontaktuj si\u0119 z nami, aby uzyska\u0107, wi\u0119cej informacji.<\/h2>\t\t\t\t<\/div>\n\t\t\t\t<div class=\"elementor-element elementor-element-3544b63 elementor-widget__width-auto elementor-align-right elementor-widget elementor-widget-button\" data-id=\"3544b63\" data-element_type=\"widget\" data-widget_type=\"button.default\">\n\t\t\t\t\t\t\t\t\t\t<a class=\"elementor-button elementor-button-link elementor-size-sm\" href=\"https:\/\/siteboost.pl\/projekt2\/kontakt\">\n\t\t\t\t\t\t<span class=\"elementor-button-content-wrapper\">\n\t\t\t\t\t\t\t\t\t<span class=\"elementor-button-text\">KONTAKT<\/span>\n\t\t\t\t\t<\/span>\n\t\t\t\t\t<\/a>\n\t\t\t\t\t\t\t\t<\/div>\n\t\t\t\t\t<\/div>\n\t\t\t\t<\/div>\n\t\t\t\t\t<\/div>\n\t\t\t\t<\/div>\n\t\t\t\t<\/div>\n\t\t","protected":false},"excerpt":{"rendered":"<p>Najcz\u0119\u015bciej zadawane pytania Znajdziesz tu odpowiedzi na najcz\u0119\u015bciej zadawane pytania. Dowiedz si\u0119 wi\u0119cej NAJCZ\u0118\u015aCIEJ ZADAWANE PYTANIA Oto odpowiedzi na najcz\u0119\u015bciej zadawane pytania dotycz\u0105ce naszych us\u0142ug. Jakie us\u0142ugi oferujecie? Oferujemy szeroki zakres us\u0142ug barberskich, w tym strzy\u017cenie, golenie, koloryzacj\u0119 oraz piel\u0119gnacj\u0119 twarzy. Naszym celem jest, aby ka\u017cdy klient czu\u0142 si\u0119 wyj\u0105tkowo. Jak mog\u0119 zarezerwowa\u0107 wizyt\u0119? Rezerwacj\u0119&#8230;<\/p>\n","protected":false},"author":1,"featured_media":0,"parent":0,"menu_order":4,"comment_status":"closed","ping_status":"closed","template":"elementor_header_footer","meta":{"_kad_post_transparent":"","_kad_post_title":"","_kad_post_layout":"","_kad_post_sidebar_id":"","_kad_post_content_style":"","_kad_post_vertical_padding":"","_kad_post_feature":"","_kad_post_feature_position":"","_kad_post_header":false,"_kad_post_footer":false,"footnotes":""},"class_list":["post-14","page","type-page","status-publish","hentry"],"_links":{"self":[{"href":"https:\/\/siteboost.pl\/projekt2\/wp-json\/wp\/v2\/pages\/14","targetHints":{"allow":["GET"]}}],"collection":[{"href":"https:\/\/siteboost.pl\/projekt2\/wp-json\/wp\/v2\/pages"}],"about":[{"href":"https:\/\/siteboost.pl\/projekt2\/wp-json\/wp\/v2\/types\/page"}],"author":[{"embeddable":true,"href":"https:\/\/siteboost.pl\/projekt2\/wp-json\/wp\/v2\/users\/1"}],"replies":[{"embeddable":true,"href":"https:\/\/siteboost.pl\/projekt2\/wp-json\/wp\/v2\/comments?post=14"}],"version-history":[{"count":53,"href":"https:\/\/siteboost.pl\/projekt2\/wp-json\/wp\/v2\/pages\/14\/revisions"}],"predecessor-version":[{"id":967,"href":"https:\/\/siteboost.pl\/projekt2\/wp-json\/wp\/v2\/pages\/14\/revisions\/967"}],"wp:attachment":[{"href":"https:\/\/siteboost.pl\/projekt2\/wp-json\/wp\/v2\/media?parent=14"}],"curies":[{"name":"wp","href":"https:\/\/api.w.org\/{rel}","templated":true}]}}